{"id":150,"date":"2025-09-09T17:03:54","date_gmt":"2025-09-09T15:03:54","guid":{"rendered":"https:\/\/pourprelune.fr\/?page_id=150"},"modified":"2025-10-15T17:06:10","modified_gmt":"2025-10-15T15:06:10","slug":"presentation-du-jeu","status":"publish","type":"page","link":"https:\/\/pourprelune.fr\/?page_id=150","title":{"rendered":"Pr\u00e9sentation du jeu"},"content":{"rendered":"\n<h1 class=\"wp-block-heading\">2033 &#8211; Les Origines<\/h1>\n\n\n\n<figure class=\"wp-block-image is-resized\"><img loading=\"lazy\" decoding=\"async\" width=\"218\" height=\"300\" src=\"https:\/\/pourprelune.fr\/wp-content\/uploads\/2025\/05\/tetezeta-218x300.jpg\" alt=\"T\u00eate de Z\u00e9ta\" class=\"wp-image-143\" style=\"width:113px;height:auto\" srcset=\"https:\/\/pourprelune.fr\/wp-content\/uploads\/2025\/05\/tetezeta-218x300.jpg 218w, https:\/\/pourprelune.fr\/wp-content\/uploads\/2025\/05\/tetezeta-745x1024.jpg 745w, https:\/\/pourprelune.fr\/wp-content\/uploads\/2025\/05\/tetezeta-768x1055.jpg 768w, https:\/\/pourprelune.fr\/wp-content\/uploads\/2025\/05\/tetezeta.jpg 800w\" sizes=\"auto, (max-width: 218px) 100vw, 218px\" \/><\/figure>\n\n\n\n<p>\u00ab&nbsp;The game is over&nbsp;\u00bb, 30 ans apr\u00e8s la c\u00e9l\u00e8bre d\u00e9claration du pr\u00e9sident am\u00e9ricain G.W. Bush, les Etats-Unis entrent en guerre contre la Chine et la Russie. L\u2019Europe est divis\u00e9e et embourb\u00e9e dans les guerres civiles et les arriv\u00e9es massives de r\u00e9fugi\u00e9s de guerre et climatiques (dues notamment aux exp\u00e9riences pouss\u00e9es du projet HAARP).<br>Les rumeurs sur la pr\u00e9sence d\u2019extraterrestres au sein des hautes instances mondiales vont s\u2019av\u00e9rer exactes. Des vid\u00e9os de Reptiliens<em>, Gris<\/em>, Oummains* et autres Ashtariens* circulent d\u00e9sormais sur la toile et toutes les cha\u00eenes d\u2019informations. &#8211; * Entit\u00e9 Biologique Extraterrestre (ou E.B.E). &#8211;<br>La Guerre devient Mondiale, des milliers d\u2019ogives nucl\u00e9aires explosent sur une grande partie de la surface du globe, entra\u00eenant un hiver nucl\u00e9aire. Les premi\u00e8res armes antimati\u00e8re sont utilis\u00e9es, leurs effets seront d\u00e9vastateurs pour l\u2019\u00e9quilibre de la plan\u00e8te et une partie de notre Galaxie. L\u2019espace-temps n&rsquo;est plus aussi stable qu&rsquo;avant, les routes inter-stellaires ont \u00e9t\u00e9 d\u00e9vi\u00e9es voire d\u00e9truites, les extraterrestres eux aussi se sont fait pi\u00e9ger.<br>Cette fois l&rsquo;Homme s&rsquo;est condamn\u00e9.<br>En effet, pour on ne sait quelle raison (peut-\u00eatre les armes anti-mati\u00e8re ou d&rsquo;autres tests encore inconnus), une partie de la Lune a \u00e9t\u00e9 d\u00e9truite. La Lune s&rsquo;est rapproch\u00e9e sensiblement de la Terre, son d\u00e9placement est invers\u00e9e, elle avance maintenant dans la direction de la plan\u00e8te. Le mouvement est lent mais irr\u00e9m\u00e9diable. Arrivera donc le jour du grand cataclysme ou elle explosera avant de toucher la Terre et les retomb\u00e9es cosmiques auront des cons\u00e9quences inimaginables.<br>Mais contre toute attente, l\u2019Humanit\u00e9 au bord de l\u2019extinction va subsister. Pour combien de temps&nbsp;?<\/p>\n\n\n\n<h2 class=\"wp-block-heading\">Maintenant<\/h2>\n\n\n\n<figure class=\"wp-block-image is-resized is-style-rounded\"><img loading=\"lazy\" decoding=\"async\" width=\"156\" height=\"300\" src=\"https:\/\/pourprelune.fr\/wp-content\/uploads\/2025\/05\/symelebb-1-156x300.jpg\" alt=\"\" class=\"wp-image-145\" style=\"width:90px;height:auto\" srcset=\"https:\/\/pourprelune.fr\/wp-content\/uploads\/2025\/05\/symelebb-1-156x300.jpg 156w, https:\/\/pourprelune.fr\/wp-content\/uploads\/2025\/05\/symelebb-1-531x1024.jpg 531w, https:\/\/pourprelune.fr\/wp-content\/uploads\/2025\/05\/symelebb-1-768x1481.jpg 768w, https:\/\/pourprelune.fr\/wp-content\/uploads\/2025\/05\/symelebb-1-796x1536.jpg 796w, https:\/\/pourprelune.fr\/wp-content\/uploads\/2025\/05\/symelebb-1-1062x2048.jpg 1062w, https:\/\/pourprelune.fr\/wp-content\/uploads\/2025\/05\/symelebb-1-scaled.jpg 1327w\" sizes=\"auto, (max-width: 156px) 100vw, 156px\" \/><\/figure>\n\n\n\n<p>Apr\u00e8s des si\u00e8cles de survie et de luttes, une paix semble \u00eatre trouv\u00e9e dans certaines parties habitables du monde.<br>Les humains recr\u00e9ent des soci\u00e9t\u00e9s avec des cultes et des coutumes inspir\u00e9s de l\u2019ancien monde et des nombreuses l\u00e9gendes sur l\u2019apocalypse.<br>L\u2019histoire est r\u00e9\u00e9crite, les religions retrouvent une place pr\u00e9pond\u00e9rante. Les superstitions et la peur des d\u00e9couvertes scientifiques refont surface.<br>L\u2019humanit\u00e9 a r\u00e9gress\u00e9. Elle se retrouve confront\u00e9e avec des vestiges parfois devenus symboles religieux et parfois sources de craintes irrationnelles.<br>De plus la pr\u00e9sence de toutes ces entit\u00e9s extraterrestres (S\u00e9l\u00e9nites) bloqu\u00e9es sur Terre, et de toutes ces cr\u00e9atures mi-humaine mi-monstre (Malfaicts) issues d\u2019exp\u00e9riences biologiques occultes et d\u2019un taux de radiation \u00e9lev\u00e9, accentue ces craintes et ces superstitions.<br>La Lune brille plus grosse dans le ciel, un petit satellite luminescent lui tourne autour et lui donne cette l\u00e9g\u00e8re teinte pourpre.<\/p>\n\n\n\n<p><em><strong>Bienvenue dans le monde merveilleux de Pourprelune le Cr\u00e9puscule. Nous sommes en Francie, en l\u2019an de gr\u00e2ce 332 durant le second r\u00e8gne du Grand Th\u00e9ocrate, Gr\u00e9goire le Galeux.<\/strong><\/em><\/p>\n\n\n\n<h2 class=\"wp-block-heading\">Les personnages<\/h2>\n\n\n\n<p>Les joueurs n\u2019incarnent pas un groupe de h\u00e9ros qui part \u00e0 l\u2019aventure en qu\u00eate de tr\u00e9sors, de combats \u00e9piques et autres gloires, mais des personnages communs. Les joueurs pourront \u00eatre commer\u00e7ant, paysan, ancien militaire, artisan, mendiant ou encore lettr\u00e9 \u2026 Ils seront g\u00e9n\u00e9ralement tous originaire de la m\u00eame r\u00e9gion voire de la m\u00eame ville ou du m\u00eame village. Ce groupe compos\u00e9 donc de vagues connaissances, de voisins, d\u2019amis, voire de membres d\u2019une m\u00eame famille\u2026 va \u00eatre pris dans un tourbillon d\u2019\u00e9v\u00e8nements qui va radicalement changer leurs vies. G\u00e9n\u00e9ralement ce sera la fuite d\u2019un cataclysme (guerre, catastrophe naturelle, \u00e9pid\u00e9mie, famine \u2026). Des proches y auront s\u00fbrement perdu la vie. Ils seront donc contraints de quitter leur (relatif) confort quotidien et ne devront leur survie que gr\u00e2ce \u00e0 l\u2019entraide, leurs comp\u00e9tences et le maigre \u00e9quipement qu\u2019ils auront pu emmener. Souvent ils seront tout de m\u00eame l\u00e9g\u00e8rement plus puissant que la moyenne, pour des raisons \u00e9videntes de jouabilit\u00e9 \u2013 ils font tout de m\u00eame partie des \u00ab&nbsp;survivants&nbsp;\u00bb.<\/p>\n\n\n\n<h2 class=\"wp-block-heading\">La \u00ab\u00a0s\u00e9ance 0\u00a0\u00bb<\/h2>\n\n\n\n<p>Pour la cr\u00e9ation des personnages on pr\u00e9conise, une \u00ab&nbsp;s\u00e9ance 0&nbsp;\u00bb car la composition du groupe de PJ va grandement influer sur la mani\u00e8re de jouer et l\u2019approche de l\u2019univers. Quelques exemples d\u2019approches compl\u00e8tements diff\u00e9rentes pour 4 PJ :<\/p>\n\n\n\n<ul class=\"wp-block-list\">\n<li>Un Beau (noble\/bourgeois de Pourprelune, \u00ab&nbsp;les 1%&nbsp;\u00bb) d\u2019une grande ville, son garde du corps, un de ses esclaves et un de ses serviteurs.<\/li>\n\n\n\n<li>4 vagues connaissances&nbsp;: un marchand, une gamine des rues, un barbier et un r\u00e9colteur (\u00ab&nbsp;r\u00e9cup\u00e9rateur&nbsp;\u00bb d\u2019objets trouv\u00e9s).<\/li>\n\n\n\n<li>4 amies adolescentes qui habitent un petit village recul\u00e9.<\/li>\n\n\n\n<li>1 artisan et son fils, une milicienne et une prostitu\u00e9e venant tous d\u2019une petite ville.<\/li>\n\n\n\n<li>4 adolescents Moins que rien (les mis\u00e9reux de Pourprelune, 1\/4 de la population), ins\u00e9parables qui habitent en ville.<\/li>\n\n\n\n<li>Un couple de paysans et ses 2 enfants.<\/li>\n\n\n\n<li>Une m\u00e8re et son fils et un couple de forestiers.<\/li>\n\n\n\n<li>4 religieux ou p\u00e8lerins qui veulent r\u00e9pandre la bonne parole.<\/li>\n\n\n\n<li>Un rebouteux\/chaman, un couple de commer\u00e7ant et leur fille.<\/li>\n\n\n\n<li>Une sorci\u00e8re, 2 enfants moins que rien, un d\u00e9trousseur.<\/li>\n\n\n\n<li>Etc \u2026<\/li>\n<\/ul>\n\n\n\n<p>De plus lors de cette \u00ab&nbsp;s\u00e9ance 0&nbsp;\u00bb on vous recommande d\u2019\u00e9tablir un \u00ab&nbsp;contrat ludique&nbsp;\u00bb autour de la table. Car bien qu\u2019il y ait de l\u2019humour et du second degr\u00e9, l\u2019univers de Pourprelune le Cr\u00e9puscule est particuli\u00e8rement violent, dangereux et mortel o\u00f9 on peut perdre son personnage \u00e0 tout moment. Il pourrait donc ne pas convenir \u00e0 tout le monde.<\/p>\n\n\n\n<h2 class=\"wp-block-heading\">Le syst\u00e8me de jeu<\/h2>\n\n\n\n<p>La fiche de personnage est un peu fournie mais le syst\u00e8me de jeu est assez simple. Toutes les actions se r\u00e9solvent de la m\u00eame fa\u00e7on. L\u2019addition de 2 caract\u00e9ristiques (gradu\u00e9es de 1 \u00e0 6) et d\u2019une comp\u00e9tence (gradu\u00e9e de 1 \u00e0 12) nous donne un score que l\u2019on ajuste, selon les circonstances avec des bonus ou des malus (difficult\u00e9 fixe ou al\u00e9atoire). Ensuite on lance un D20, le r\u00e9sultat doit \u00eatre inf\u00e9rieur ou \u00e9gal \u00e0 ce score.<br>La marge de r\u00e9ussite (Mr) ou d\u2019\u00e9chec (Me) indique le degr\u00e9 de r\u00e9ussite ou d\u2019\u00e9chec de l\u2019action et donc jusqu\u2019\u00e0 quel point les intentions du joueur sont r\u00e9alis\u00e9es ou non (le joueur pourra donc influer directement sur la sc\u00e8ne en cours). Un 1 est toujours une r\u00e9ussite critique, un 20 est toujours un \u00e9chec total.<br>Les r\u00e8gles de soins se veulent \u00ab&nbsp;assez r\u00e9aliste&nbsp;\u00bb, la r\u00e9cup\u00e9ration du fait des combats (plut\u00f4t mortels) ou de maladies, est donc assez lente. La \u00ab&nbsp;Magie&nbsp;\u00bb existe, tr\u00e8s en lien avec la religion. On retrouvera des formes de Chamanisme, de Spiritisme, et de \u00ab&nbsp;Facult\u00e9s Psychiques&nbsp;\u00bb essentiellement extraterrestre comme de la t\u00e9l\u00e9pathie voire de la t\u00e9l\u00e9kin\u00e9sie.<\/p>\n\n\n\n<p><\/p>\n","protected":false},"excerpt":{"rendered":"<p>2033 &#8211; Les Origines \u00ab&nbsp;The game is over&nbsp;\u00bb, 30 ans apr\u00e8s la c\u00e9l\u00e8bre d\u00e9claration du pr\u00e9sident am\u00e9ricain G.W. Bush, les [&hellip;]<\/p>\n","protected":false},"author":1,"featured_media":0,"parent":0,"menu_order":0,"comment_status":"closed","ping_status":"closed","template":"","meta":{"_eb_attr":"","site-sidebar-layout":"default","site-content-layout":"","ast-site-content-layout":"","site-content-style":"default","site-sidebar-style":"default","ast-global-header-display":"","ast-banner-title-visibility":"","ast-main-header-display":"","ast-hfb-above-header-display":"","ast-hfb-below-header-display":"","ast-hfb-mobile-header-display":"","site-post-title":"","ast-breadcrumbs-content":"","ast-featured-img":"","footer-sml-layout":"","theme-transparent-header-meta":"","adv-header-id-meta":"","stick-header-meta":"","header-above-stick-meta":"","header-main-stick-meta":"","header-below-stick-meta":"","astra-migrate-meta-layouts":"default","ast-page-background-enabled":"default","ast-page-background-meta":{"desktop":{"background-color":"var(--ast-global-color-5)","background-image":"","background-repeat":"repeat","background-position":"center center","background-size":"auto","background-attachment":"scroll","background-type":"","background-media":"","overlay-type":"","overlay-color":"","overlay-opacity":"","overlay-gradient":""},"tablet":{"background-color":"","background-image":"","background-repeat":"repeat","background-position":"center center","background-size":"auto","background-attachment":"scroll","background-type":"","background-media":"","overlay-type":"","overlay-color":"","overlay-opacity":"","overlay-gradient":""},"mobile":{"background-color":"","background-image":"","background-repeat":"repeat","background-position":"center center","background-size":"auto","background-attachment":"scroll","background-type":"","background-media":"","overlay-type":"","overlay-color":"","overlay-opacity":"","overlay-gradient":""}},"ast-content-background-meta":{"desktop":{"background-color":"var(--ast-global-color-4)","background-image":"","background-repeat":"repeat","background-position":"center center","background-size":"auto","background-attachment":"scroll","background-type":"","background-media":"","overlay-type":"","overlay-color":"","overlay-opacity":"","overlay-gradient":""},"tablet":{"background-color":"var(--ast-global-color-4)","background-image":"","background-repeat":"repeat","background-position":"center center","background-size":"auto","background-attachment":"scroll","background-type":"","background-media":"","overlay-type":"","overlay-color":"","overlay-opacity":"","overlay-gradient":""},"mobile":{"background-color":"var(--ast-global-color-4)","background-image":"","background-repeat":"repeat","background-position":"center center","background-size":"auto","background-attachment":"scroll","background-type":"","background-media":"","overlay-type":"","overlay-color":"","overlay-opacity":"","overlay-gradient":""}},"footnotes":""},"class_list":["post-150","page","type-page","status-publish","hentry"],"_links":{"self":[{"href":"https:\/\/pourprelune.fr\/index.php?rest_route=\/wp\/v2\/pages\/150","targetHints":{"allow":["GET"]}}],"collection":[{"href":"https:\/\/pourprelune.fr\/index.php?rest_route=\/wp\/v2\/pages"}],"about":[{"href":"https:\/\/pourprelune.fr\/index.php?rest_route=\/wp\/v2\/types\/page"}],"author":[{"embeddable":true,"href":"https:\/\/pourprelune.fr\/index.php?rest_route=\/wp\/v2\/users\/1"}],"replies":[{"embeddable":true,"href":"https:\/\/pourprelune.fr\/index.php?rest_route=%2Fwp%2Fv2%2Fcomments&post=150"}],"version-history":[{"count":7,"href":"https:\/\/pourprelune.fr\/index.php?rest_route=\/wp\/v2\/pages\/150\/revisions"}],"predecessor-version":[{"id":168,"href":"https:\/\/pourprelune.fr\/index.php?rest_route=\/wp\/v2\/pages\/150\/revisions\/168"}],"wp:attachment":[{"href":"https:\/\/pourprelune.fr\/index.php?rest_route=%2Fwp%2Fv2%2Fmedia&parent=150"}],"curies":[{"name":"wp","href":"https:\/\/api.w.org\/{rel}","templated":true}]}}