{"id":20,"date":"2024-11-17T12:36:03","date_gmt":"2024-11-17T11:36:03","guid":{"rendered":"https:\/\/pourprelune.fr\/?page_id=20"},"modified":"2025-10-15T17:04:20","modified_gmt":"2025-10-15T15:04:20","slug":"bienvenue","status":"publish","type":"page","link":"https:\/\/pourprelune.fr\/","title":{"rendered":"Page d&rsquo;accueil"},"content":{"rendered":"\n<figure class=\"wp-block-image size-thumbnail is-style-rounded\"><img loading=\"lazy\" decoding=\"async\" width=\"150\" height=\"150\" src=\"https:\/\/pourprelune.fr\/wp-content\/uploads\/2024\/12\/20160821_161715-scaled-e1734537644634-150x150.jpg\" alt=\"\" class=\"wp-image-60\"\/><\/figure>\n\n\n\n<p>Pourprelune le Cr\u00e9puscule est un jeu de r\u00f4le enti\u00e8rement amateur aux inspirations h\u00e9t\u00e9roclites. Ufologie, conspirationnisme, histoire contemporaine et m\u00e9di\u00e9val sur l&rsquo;ensemble du territoire Fran\u00e7ais actuel et qui empi\u00e8te un peu sur les pays voisins (Suisse, Angleterre, Belgique, Allemagne &#8230;).<\/p>\n\n\n\n<p>C&rsquo;est un jeu \u00ab\u00a0post-apo-ufo-m\u00e9di\u00e9valo\u00a0\u00bb. Ici pas de guerriers de la route au volant de voitures customis\u00e9es \u00e0 la recherche d&rsquo;essence, d&rsquo;humains anthropophages, mais plut\u00f4t une civilisation qui s&rsquo;est reconstruite doucement, avec une technologie proche du moyen-\u00e2ge, on pourrait parler de \u00ab\u00a0low post-apo\u00a0\u00bb.<\/p>\n\n\n\n<p><a href=\"https:\/\/pourprelune.fr\/?page_id=150\" data-type=\"page\" data-id=\"150\">Pour une pr\u00e9sentation succincte, cliquer ici<\/a><\/p>\n\n\n\n<p><\/p>\n\n\n\n<figure class=\"wp-block-image\"><img loading=\"lazy\" decoding=\"async\" width=\"858\" height=\"786\" src=\"https:\/\/pourprelune.fr\/wp-content\/uploads\/2024\/12\/dzop.jpg\" alt=\"\" class=\"wp-image-46\" srcset=\"https:\/\/pourprelune.fr\/wp-content\/uploads\/2024\/12\/dzop.jpg 858w, https:\/\/pourprelune.fr\/wp-content\/uploads\/2024\/12\/dzop-300x275.jpg 300w, https:\/\/pourprelune.fr\/wp-content\/uploads\/2024\/12\/dzop-768x704.jpg 768w\" sizes=\"auto, (max-width: 858px) 100vw, 858px\" \/><\/figure>\n\n\n\n<p><\/p>\n\n\n\n<p><\/p>\n\n\n\n<p class=\"has-extra-large-font-size\"><\/p>\n\n\n\n<p><\/p>\n","protected":false},"excerpt":{"rendered":"<p>Pourprelune le Cr\u00e9puscule est un jeu de r\u00f4le enti\u00e8rement amateur aux inspirations h\u00e9t\u00e9roclites. Ufologie, conspirationnisme, histoire contemporaine et m\u00e9di\u00e9val sur [&hellip;]<\/p>\n","protected":false},"author":1,"featured_media":0,"parent":0,"menu_order":0,"comment_status":"closed","ping_status":"closed","template":"","meta":{"_eb_attr":"","site-sidebar-layout":"default","site-content-layout":"","ast-site-content-layout":"","site-content-style":"default","site-sidebar-style":"default","ast-global-header-display":"","ast-banner-title-visibility":"","ast-main-header-display":"","ast-hfb-above-header-display":"","ast-hfb-below-header-display":"","ast-hfb-mobile-header-display":"","site-post-title":"","ast-breadcrumbs-content":"","ast-featured-img":"","footer-sml-layout":"","theme-transparent-header-meta":"","adv-header-id-meta":"","stick-header-meta":"","header-above-stick-meta":"","header-main-stick-meta":"","header-below-stick-meta":"","astra-migrate-meta-layouts":"default","ast-page-background-enabled":"default","ast-page-background-meta":{"desktop":{"background-color":"var(--ast-global-color-5)","background-image":"","background-repeat":"repeat","background-position":"center center","background-size":"auto","background-attachment":"scroll","background-type":"","background-media":"","overlay-type":"","overlay-color":"","overlay-opacity":"","overlay-gradient":""},"tablet":{"background-color":"","background-image":"","background-repeat":"repeat","background-position":"center center","background-size":"auto","background-attachment":"scroll","background-type":"","background-media":"","overlay-type":"","overlay-color":"","overlay-opacity":"","overlay-gradient":""},"mobile":{"background-color":"","background-image":"","background-repeat":"repeat","background-position":"center center","background-size":"auto","background-attachment":"scroll","background-type":"","background-media":"","overlay-type":"","overlay-color":"","overlay-opacity":"","overlay-gradient":""}},"ast-content-background-meta":{"desktop":{"background-color":"var(--ast-global-color-4)","background-image":"","background-repeat":"repeat","background-position":"center center","background-size":"auto","background-attachment":"scroll","background-type":"","background-media":"","overlay-type":"","overlay-color":"","overlay-opacity":"","overlay-gradient":""},"tablet":{"background-color":"var(--ast-global-color-4)","background-image":"","background-repeat":"repeat","background-position":"center center","background-size":"auto","background-attachment":"scroll","background-type":"","background-media":"","overlay-type":"","overlay-color":"","overlay-opacity":"","overlay-gradient":""},"mobile":{"background-color":"var(--ast-global-color-4)","background-image":"","background-repeat":"repeat","background-position":"center center","background-size":"auto","background-attachment":"scroll","background-type":"","background-media":"","overlay-type":"","overlay-color":"","overlay-opacity":"","overlay-gradient":""}},"footnotes":""},"class_list":["post-20","page","type-page","status-publish","hentry"],"_links":{"self":[{"href":"https:\/\/pourprelune.fr\/index.php?rest_route=\/wp\/v2\/pages\/20","targetHints":{"allow":["GET"]}}],"collection":[{"href":"https:\/\/pourprelune.fr\/index.php?rest_route=\/wp\/v2\/pages"}],"about":[{"href":"https:\/\/pourprelune.fr\/index.php?rest_route=\/wp\/v2\/types\/page"}],"author":[{"embeddable":true,"href":"https:\/\/pourprelune.fr\/index.php?rest_route=\/wp\/v2\/users\/1"}],"replies":[{"embeddable":true,"href":"https:\/\/pourprelune.fr\/index.php?rest_route=%2Fwp%2Fv2%2Fcomments&post=20"}],"version-history":[{"count":15,"href":"https:\/\/pourprelune.fr\/index.php?rest_route=\/wp\/v2\/pages\/20\/revisions"}],"predecessor-version":[{"id":167,"href":"https:\/\/pourprelune.fr\/index.php?rest_route=\/wp\/v2\/pages\/20\/revisions\/167"}],"wp:attachment":[{"href":"https:\/\/pourprelune.fr\/index.php?rest_route=%2Fwp%2Fv2%2Fmedia&parent=20"}],"curies":[{"name":"wp","href":"https:\/\/api.w.org\/{rel}","templated":true}]}}